{"id":8,"date":"2022-07-31T20:26:33","date_gmt":"2022-07-31T20:26:33","guid":{"rendered":"https:\/\/edbalt.com\/?page_id=8"},"modified":"2022-12-08T20:49:37","modified_gmt":"2022-12-09T02:49:37","slug":"contact","status":"publish","type":"page","link":"https:\/\/edbalt.com\/index.php\/contact\/","title":{"rendered":"Contact"},"content":{"rendered":"\n<div class=\"wp-block-group is-vertical is-layout-flex wp-container-core-group-is-layout-8cf370e7 wp-block-group-is-layout-flex\">\n<p class=\"has-medium-font-size\"><strong>Ruiheng Wu<\/strong><\/p>\n\n\n\n<p class=\"has-medium-font-size\">\u5434 \u9510\u6052<\/p>\n\n\n\n<p class=\"has-medium-font-size\">Tel: (+1) 630 674 4542 \/ (+86) 139 571 32995<\/p>\n\n\n\n<p class=\"has-medium-font-size\">Email: ccmeedbalt@gmail.com \/ ruihengwu2023@u.northwestern.edu<\/p>\n\n\n\n<p> <\/p>\n<\/div>\n\n\n\n<figure class=\"wp-block-gallery aligncenter has-nested-images columns-default is-cropped wp-block-gallery-1 is-layout-flex wp-block-gallery-is-layout-flex\">\n<figure class=\"wp-block-image size-full\"><img loading=\"lazy\" decoding=\"async\" width=\"2158\" height=\"1440\" data-id=\"56\" src=\"https:\/\/edbalt.com\/wp-content\/uploads\/2022\/07\/DSC_5464.jpg\" alt=\"\" class=\"wp-image-56\" srcset=\"https:\/\/edbalt.com\/wp-content\/uploads\/2022\/07\/DSC_5464.jpg 2158w, https:\/\/edbalt.com\/wp-content\/uploads\/2022\/07\/DSC_5464-300x200.jpg 300w, https:\/\/edbalt.com\/wp-content\/uploads\/2022\/07\/DSC_5464-1024x683.jpg 1024w, https:\/\/edbalt.com\/wp-content\/uploads\/2022\/07\/DSC_5464-768x512.jpg 768w, https:\/\/edbalt.com\/wp-content\/uploads\/2022\/07\/DSC_5464-1536x1025.jpg 1536w, https:\/\/edbalt.com\/wp-content\/uploads\/2022\/07\/DSC_5464-2048x1367.jpg 2048w, https:\/\/edbalt.com\/wp-content\/uploads\/2022\/07\/DSC_5464-2000x1335.jpg 2000w\" sizes=\"auto, (max-width: 2158px) 100vw, 2158px\" \/><figcaption class=\"wp-element-caption\">@Spruce Tree House, CO, USA, 2022<\/figcaption><\/figure>\n\n\n\n<figure class=\"wp-block-image size-full\"><img loading=\"lazy\" decoding=\"async\" width=\"2158\" height=\"1440\" data-id=\"428\" src=\"https:\/\/edbalt.com\/wp-content\/uploads\/2022\/12\/DSC_5759.jpg\" alt=\"\" class=\"wp-image-428\" srcset=\"https:\/\/edbalt.com\/wp-content\/uploads\/2022\/12\/DSC_5759.jpg 2158w, https:\/\/edbalt.com\/wp-content\/uploads\/2022\/12\/DSC_5759-300x200.jpg 300w, https:\/\/edbalt.com\/wp-content\/uploads\/2022\/12\/DSC_5759-1024x683.jpg 1024w, https:\/\/edbalt.com\/wp-content\/uploads\/2022\/12\/DSC_5759-768x512.jpg 768w, https:\/\/edbalt.com\/wp-content\/uploads\/2022\/12\/DSC_5759-1536x1025.jpg 1536w, https:\/\/edbalt.com\/wp-content\/uploads\/2022\/12\/DSC_5759-2048x1367.jpg 2048w, https:\/\/edbalt.com\/wp-content\/uploads\/2022\/12\/DSC_5759-2000x1335.jpg 2000w\" sizes=\"auto, (max-width: 2158px) 100vw, 2158px\" \/><figcaption class=\"wp-element-caption\">@Rowan Oak, MS, USA, 2022<\/figcaption><\/figure>\n<\/figure>\n\n\n\n<h2 class=\"wp-block-heading\"> <\/h2>\n\n\n\n<blockquote class=\"wp-block-quote is-style-plain is-layout-flow wp-block-quote-is-layout-flow\">\n<p class=\"has-medium-font-size\">Toda la vida!<\/p>\n<cite><em>El amor en los tiempos del c\u00f3lera<\/em>, de Garc\u00eda M\u00e1rquez<\/cite><\/blockquote>\n","protected":false},"excerpt":{"rendered":"<p>Ruiheng Wu \u5434 \u9510\u6052 Tel: (+1) 630 674 4542 \/ (+86) 139 571 32995 Email: ccmeedbalt@gmail.com \/ ruihengwu2023@u.northwestern.edu Toda la vida! El amor en los tiempos del c\u00f3lera, de Garc\u00eda M\u00e1rquez<\/p>\n","protected":false},"author":1,"featured_media":0,"parent":0,"menu_order":0,"comment_status":"closed","ping_status":"closed","template":"","meta":{"footnotes":""},"class_list":["post-8","page","type-page","status-publish","hentry"],"_links":{"self":[{"href":"https:\/\/edbalt.com\/index.php\/wp-json\/wp\/v2\/pages\/8","targetHints":{"allow":["GET"]}}],"collection":[{"href":"https:\/\/edbalt.com\/index.php\/wp-json\/wp\/v2\/pages"}],"about":[{"href":"https:\/\/edbalt.com\/index.php\/wp-json\/wp\/v2\/types\/page"}],"author":[{"embeddable":true,"href":"https:\/\/edbalt.com\/index.php\/wp-json\/wp\/v2\/users\/1"}],"replies":[{"embeddable":true,"href":"https:\/\/edbalt.com\/index.php\/wp-json\/wp\/v2\/comments?post=8"}],"version-history":[{"count":0,"href":"https:\/\/edbalt.com\/index.php\/wp-json\/wp\/v2\/pages\/8\/revisions"}],"wp:attachment":[{"href":"https:\/\/edbalt.com\/index.php\/wp-json\/wp\/v2\/media?parent=8"}],"curies":[{"name":"wp","href":"https:\/\/api.w.org\/{rel}","templated":true}]}}